{"id":45506,"date":"2021-11-26T16:51:02","date_gmt":"2021-11-26T21:51:02","guid":{"rendered":"https:\/\/www.phaneuf-ag.com\/?post_type=product&#038;p=45506"},"modified":"2026-04-30T05:05:13","modified_gmt":"2026-04-30T09:05:13","slug":"132-peterbilt-modele-579-zfn46501","status":"publish","type":"product","link":"https:\/\/www.phaneuf-ag.com\/fr\/produit\/132-peterbilt-modele-579-zfn46501\/","title":{"rendered":"1:32 Peterbilt mod\u00e8le 579 (ZFN46501)"},"content":{"rendered":"<p>Le mod\u00e8le Peterbilt 579 comprend une bo\u00eete \u00e0 grains, une tr\u00e9mie \u00e0 grains et une vis sans fin. Fonctionne avec d&rsquo;autres jouets \u00e0 l&rsquo;\u00e9chelle 1:32.<\/p>\n<p>\u2022 Conception \u00e0 l&rsquo;\u00e9chelle 1:32 par Ertl<br \/>\n\u2022 3 ans et plus<br \/>\nPoids\u00a0:\u00a00.907\u00a0kg<\/p>\n","protected":false},"excerpt":{"rendered":"<p>Le mod\u00e8le Peterbilt 579 comprend une bo\u00eete \u00e0 grains, une tr\u00e9mie \u00e0 grains et une vis sans fin. Fonctionne avec d&rsquo;autres jouets \u00e0 l&rsquo;\u00e9chelle 1:32. \u2022 Conception \u00e0 l&rsquo;\u00e9chelle 1:32 par Ertl \u2022 3 ans et plus Poids\u00a0:\u00a00.907\u00a0kg<\/p>\n","protected":false},"featured_media":45507,"template":"","meta":[],"product-sub-category":[227],"brand":[111],"product-third-category":[],"acf":{"product_stock_upton":"1","product_stock_marieville":"1","product_stock_shefford":"1","product_stock_victoriaville":"1","product_stock_durantaye":"1","product_stock_stematine":"1","product_stock_stclet":"1","product_stock_huntingdon":"1","product_vendor":"CAS","child_inventory_variation":""},"_links":{"self":[{"href":"https:\/\/www.phaneuf-ag.com\/fr\/wp-json\/wp\/v2\/product\/45506"}],"collection":[{"href":"https:\/\/www.phaneuf-ag.com\/fr\/wp-json\/wp\/v2\/product"}],"about":[{"href":"https:\/\/www.phaneuf-ag.com\/fr\/wp-json\/wp\/v2\/types\/product"}],"wp:featuredmedia":[{"embeddable":true,"href":"https:\/\/www.phaneuf-ag.com\/fr\/wp-json\/wp\/v2\/media\/45507"}],"wp:attachment":[{"href":"https:\/\/www.phaneuf-ag.com\/fr\/wp-json\/wp\/v2\/media?parent=45506"}],"wp:term":[{"taxonomy":"product-sub-category","embeddable":true,"href":"https:\/\/www.phaneuf-ag.com\/fr\/wp-json\/wp\/v2\/product-sub-category?post=45506"},{"taxonomy":"brand","embeddable":true,"href":"https:\/\/www.phaneuf-ag.com\/fr\/wp-json\/wp\/v2\/brand?post=45506"},{"taxonomy":"product-third-category","embeddable":true,"href":"https:\/\/www.phaneuf-ag.com\/fr\/wp-json\/wp\/v2\/product-third-category?post=45506"}],"curies":[{"name":"wp","href":"https:\/\/api.w.org\/{rel}","templated":true}]}}